{"id":691,"date":"2026-04-15T17:22:10","date_gmt":"2026-04-15T20:22:10","guid":{"rendered":"https:\/\/ourocreddtvm.com.br\/?page_id=691"},"modified":"2026-04-15T18:18:32","modified_gmt":"2026-04-15T21:18:32","slug":"sobre-nos","status":"publish","type":"page","link":"https:\/\/ourocreddtvm.com.br\/?page_id=691","title":{"rendered":"Sobre N\u00f3s"},"content":{"rendered":"\t\t<div data-elementor-type=\"wp-page\" data-elementor-id=\"691\" class=\"elementor elementor-691\" data-elementor-post-type=\"page\">\n\t\t\t\t\t\t<section class=\"elementor-section elementor-top-section elementor-element elementor-element-4334bea elementor-section-boxed elementor-section-height-default elementor-section-height-default wpr-particle-no wpr-jarallax-no wpr-parallax-no wpr-sticky-section-no\" data-id=\"4334bea\" data-element_type=\"section\" data-e-type=\"section\" data-settings=\"{&quot;background_background&quot;:&quot;classic&quot;}\">\n\t\t\t\t\t\t\t<div class=\"elementor-background-overlay\"><\/div>\n\t\t\t\t\t\t\t<div class=\"elementor-container elementor-column-gap-wide\">\n\t\t\t\t\t<div class=\"elementor-column elementor-col-50 elementor-top-column elementor-element elementor-element-204f294\" data-id=\"204f294\" data-element_type=\"column\" data-e-type=\"column\">\n\t\t\t<div class=\"elementor-widget-wrap elementor-element-populated\">\n\t\t\t\t\t\t<div class=\"elementor-element elementor-element-c11119b elementor-widget elementor-widget-heading\" data-id=\"c11119b\" data-element_type=\"widget\" data-e-type=\"widget\" data-widget_type=\"heading.default\">\n\t\t\t\t\t<h2 class=\"elementor-heading-title elementor-size-default\">Sobre N\u00f3s\n<\/h2>\t\t\t\t<\/div>\n\t\t\t\t<div class=\"elementor-element elementor-element-551a949 elementor-widget elementor-widget-text-editor\" data-id=\"551a949\" data-element_type=\"widget\" data-e-type=\"widget\" data-widget_type=\"text-editor.default\">\n\t\t\t\t\t\t\t\t\t<p>\n<strong>A Ourocred DTVM LTDA<\/strong> \u00e9 uma empresa especializada em investimentos em <strong>ouro digital<\/strong>, fundada em <strong>2020<\/strong>, com o prop\u00f3sito de oferecer solu\u00e7\u00f5es <strong>seguras, transparentes e acess\u00edveis<\/strong> para quem deseja proteger e valorizar seu patrim\u00f4nio.\n<\/p>\n\n<p>\nAtuando com base na <strong>cota\u00e7\u00e3o real do mercado<\/strong>, a empresa proporciona aos seus clientes opera\u00e7\u00f5es alinhadas ao valor de um dos ativos mais s\u00f3lidos e reconhecidos mundialmente.\n<\/p>\n\n<p>\nCom sede em <strong>V\u00e1rzea Grande, Mato Grosso<\/strong>, a Ourocred DTVM combina <strong>tecnologia, praticidade e confiabilidade<\/strong> para simplificar o acesso ao investimento em ouro. Por meio de uma plataforma moderna, oferece diferentes op\u00e7\u00f5es de planos, atendendo desde investidores que buscam <strong>flexibilidade<\/strong> at\u00e9 aqueles que desejam <strong>previsibilidade e retorno estruturado<\/strong>.\n<\/p>\n\n<p>\nA empresa preza pela <strong>transpar\u00eancia em todas as etapas<\/strong>, garantindo clareza nas informa\u00e7\u00f5es, <strong>liquidez nas opera\u00e7\u00f5es<\/strong> e seguran\u00e7a para seus clientes. Com uma atua\u00e7\u00e3o pautada na responsabilidade e no compromisso com resultados consistentes, a Ourocred DTVM se posiciona como uma <strong>alternativa s\u00f3lida<\/strong> para quem busca diversifica\u00e7\u00e3o e prote\u00e7\u00e3o patrimonial.\n<\/p>\n\n<hr>\n\n<h3>Informa\u00e7\u00f5es Institucionais<\/h3>\n\n<p>\n<strong>Ourocred DTVM LTDA<\/strong><br>\nCNPJ: 38.335.502\/0001-46<br>\nAv. Couto Magalh\u00e3es, 2277 \u2013 Centro-Norte<br>\nV\u00e1rzea Grande \u2013 MT | CEP: 78110-400\n<\/p>\t\t\t\t\t\t\t\t<\/div>\n\t\t\t\t\t<\/div>\n\t\t<\/div>\n\t\t\t\t<div class=\"elementor-column elementor-col-50 elementor-top-column elementor-element elementor-element-6f1eb68 elementor-hidden-tablet elementor-hidden-mobile\" data-id=\"6f1eb68\" data-element_type=\"column\" data-e-type=\"column\">\n\t\t\t<div class=\"elementor-widget-wrap elementor-element-populated\">\n\t\t\t\t\t\t<div class=\"elementor-element elementor-element-68755bf elementor-widget__width-initial elementor-widget elementor-widget-image\" data-id=\"68755bf\" data-element_type=\"widget\" data-e-type=\"widget\" data-widget_type=\"image.default\">\n\t\t\t\t\t\t\t\t\t\t\t\t\t\t\t<img fetchpriority=\"high\" decoding=\"async\" width=\"787\" height=\"760\" src=\"http:\/\/ourocreddtvm.com.br\/wp-content\/uploads\/2023\/06\/logo-1.png\" class=\"attachment-large size-large wp-image-717\" alt=\"\" srcset=\"http:\/\/ourocreddtvm.com.br\/wp-content\/uploads\/2023\/06\/logo-1.png 787w, http:\/\/ourocreddtvm.com.br\/wp-content\/uploads\/2023\/06\/logo-1-300x290.png 300w, http:\/\/ourocreddtvm.com.br\/wp-content\/uploads\/2023\/06\/logo-1-768x742.png 768w\" sizes=\"(max-width: 787px) 100vw, 787px\" \/>\t\t\t\t\t\t\t\t\t\t\t\t\t\t\t<\/div>\n\t\t\t\t\t<\/div>\n\t\t<\/div>\n\t\t\t\t\t<\/div>\n\t\t<\/section>\n\t\t\t\t<\/div>\n\t\t","protected":false},"excerpt":{"rendered":"<p>Sobre N\u00f3s A Ourocred DTVM LTDA \u00e9 uma empresa especializada em investimentos em ouro digital, fundada em 2020, com o prop\u00f3sito de oferecer solu\u00e7\u00f5es seguras, transparentes e acess\u00edveis para quem deseja proteger e valorizar seu patrim\u00f4nio. Atuando com base na cota\u00e7\u00e3o real do mercado, a empresa proporciona aos seus clientes opera\u00e7\u00f5es alinhadas ao valor de um dos ativos mais s\u00f3lidos e reconhecidos mundialmente. Com sede em V\u00e1rzea Grande, Mato Grosso, a Ourocred DTVM combina tecnologia, praticidade e confiabilidade para simplificar o acesso ao investimento em ouro. Por meio de uma plataforma moderna, oferece diferentes op\u00e7\u00f5es de planos, atendendo desde investidores que buscam flexibilidade at\u00e9 aqueles que desejam previsibilidade e retorno estruturado. A empresa preza pela transpar\u00eancia em todas as etapas, garantindo clareza nas informa\u00e7\u00f5es, liquidez nas opera\u00e7\u00f5es e seguran\u00e7a para seus clientes. Com uma atua\u00e7\u00e3o pautada na responsabilidade e no compromisso com resultados consistentes, a Ourocred DTVM se posiciona como uma alternativa s\u00f3lida para quem busca diversifica\u00e7\u00e3o e prote\u00e7\u00e3o patrimonial. Informa\u00e7\u00f5es Institucionais Ourocred DTVM LTDA CNPJ: 38.335.502\/0001-46 Av. Couto Magalh\u00e3es, 2277 \u2013 Centro-Norte V\u00e1rzea Grande \u2013 MT | CEP: 78110-400<\/p>\n","protected":false},"author":1,"featured_media":0,"parent":0,"menu_order":0,"comment_status":"closed","ping_status":"closed","template":"elementor_canvas","meta":{"footnotes":""},"class_list":["post-691","page","type-page","status-publish","hentry"],"_links":{"self":[{"href":"https:\/\/ourocreddtvm.com.br\/index.php?rest_route=\/wp\/v2\/pages\/691","targetHints":{"allow":["GET"]}}],"collection":[{"href":"https:\/\/ourocreddtvm.com.br\/index.php?rest_route=\/wp\/v2\/pages"}],"about":[{"href":"https:\/\/ourocreddtvm.com.br\/index.php?rest_route=\/wp\/v2\/types\/page"}],"author":[{"embeddable":true,"href":"https:\/\/ourocreddtvm.com.br\/index.php?rest_route=\/wp\/v2\/users\/1"}],"replies":[{"embeddable":true,"href":"https:\/\/ourocreddtvm.com.br\/index.php?rest_route=%2Fwp%2Fv2%2Fcomments&post=691"}],"version-history":[{"count":11,"href":"https:\/\/ourocreddtvm.com.br\/index.php?rest_route=\/wp\/v2\/pages\/691\/revisions"}],"predecessor-version":[{"id":727,"href":"https:\/\/ourocreddtvm.com.br\/index.php?rest_route=\/wp\/v2\/pages\/691\/revisions\/727"}],"wp:attachment":[{"href":"https:\/\/ourocreddtvm.com.br\/index.php?rest_route=%2Fwp%2Fv2%2Fmedia&parent=691"}],"curies":[{"name":"wp","href":"https:\/\/api.w.org\/{rel}","templated":true}]}}